{"id":1616,"date":"2021-08-23T15:57:52","date_gmt":"2021-08-23T08:57:52","guid":{"rendered":"http:\/\/onschedule.edge-themes.com\/?post_type=product&#038;p=1616"},"modified":"2021-09-01T15:57:33","modified_gmt":"2021-09-01T08:57:33","slug":"ban-kyoto","status":"publish","type":"product","link":"https:\/\/song-song.vn\/index.php\/product\/ban-kyoto\/","title":{"rendered":"B\u00e0n caf\u00e9 Kyoto"},"content":{"rendered":"<p>[vc_row][vc_column][vc_column_text]<\/p>\n<p>B\u00e0n caf\u00e9 Kyoto &#8211; set 2 c\u00e1i<br \/>\nB\u1ed9 b\u00e0n tr\u00e0 Kyoto sang tr\u1ecdng cho Qu\u00fd kh\u00e1ch th\u00edch s\u1ef1 \u0111\u01a1n gi\u1ea3n.<br \/>\nK\u00edch th\u01b0\u1edbc: B\u00e0n nh\u1ecf: H: 50cm W: 50cm D: 50cm<br \/>\nB\u00e0n l\u1edbn: H: 35cm W: 90cm D: 45cm<\/p>\n<p>[\/vc_column_text][\/vc_column][\/vc_row]<\/p>\n","protected":false},"excerpt":{"rendered":"<ul>\n<li>Th\u1ee7y tinh s\u00f3ng<\/li>\n<li>S\u1eaft h\u1ed9p vu\u00f4ng s\u01a1n<\/li>\n<\/ul>\n","protected":false},"featured_media":10987,"comment_status":"open","ping_status":"closed","template":"","meta":[],"product_brand":[],"product_cat":[170,185,160],"product_tag":[183,182],"class_list":{"0":"post-1616","1":"product","2":"type-product","3":"status-publish","4":"has-post-thumbnail","6":"product_cat-ban","7":"product_cat-saleoff","8":"product_cat-uncategorized","9":"product_tag-kimloai","10":"product_tag-thuytinh","12":"first","13":"instock","14":"sale","15":"purchasable","16":"product-type-simple"},"_links":{"self":[{"href":"https:\/\/song-song.vn\/index.php\/wp-json\/wp\/v2\/product\/1616","targetHints":{"allow":["GET"]}}],"collection":[{"href":"https:\/\/song-song.vn\/index.php\/wp-json\/wp\/v2\/product"}],"about":[{"href":"https:\/\/song-song.vn\/index.php\/wp-json\/wp\/v2\/types\/product"}],"replies":[{"embeddable":true,"href":"https:\/\/song-song.vn\/index.php\/wp-json\/wp\/v2\/comments?post=1616"}],"wp:featuredmedia":[{"embeddable":true,"href":"https:\/\/song-song.vn\/index.php\/wp-json\/wp\/v2\/media\/10987"}],"wp:attachment":[{"href":"https:\/\/song-song.vn\/index.php\/wp-json\/wp\/v2\/media?parent=1616"}],"wp:term":[{"taxonomy":"product_brand","embeddable":true,"href":"https:\/\/song-song.vn\/index.php\/wp-json\/wp\/v2\/product_brand?post=1616"},{"taxonomy":"product_cat","embeddable":true,"href":"https:\/\/song-song.vn\/index.php\/wp-json\/wp\/v2\/product_cat?post=1616"},{"taxonomy":"product_tag","embeddable":true,"href":"https:\/\/song-song.vn\/index.php\/wp-json\/wp\/v2\/product_tag?post=1616"}],"curies":[{"name":"wp","href":"https:\/\/api.w.org\/{rel}","templated":true}]}}