{"id":1503,"date":"2021-08-23T15:12:00","date_gmt":"2021-08-23T08:12:00","guid":{"rendered":"http:\/\/onschedule.edge-themes.com\/?post_type=product&#038;p=1503"},"modified":"2025-08-19T02:59:09","modified_gmt":"2025-08-18T19:59:09","slug":"ss-sfb1160","status":"publish","type":"product","link":"https:\/\/song-song.vn\/index.php\/product\/ss-sfb1160\/","title":{"rendered":"Sofa b\u0103ng ki\u1ec3u Nh\u1eadt &#8211; Cao c\u1ea5p"},"content":{"rendered":"<p>[vc_row][vc_column][vc_column_text]<\/p>\n<p>Khi mua h\u00e0ng t\u1ea1i Song Song, Qu\u00fd kh\u00e1ch s\u1ebd \u0111\u01b0\u1ee3c t\u1eb7ng 2 g\u1ed1i \u00f4m theo sofa.<br \/>\nB\u1ea3o h\u00e0nh 36 th\u00e1ng cho Khung X\u01b0\u1eddng, N\u1ec7m m\u00fat. V\u00e0 b\u1ea3o tr\u00ec s\u1ea3n ph\u1ea9m tr\u1ecdn \u0111\u1eddi.<br \/>\nD\u1ecbch v\u1ee5 v\u1ec7 sinh Sofa \u0111\u1ecbnh k\u00ec c\u00f3 t\u00ednh ph\u00ed.<\/p>\n<p>[\/vc_column_text][\/vc_column][\/vc_row]<\/p>\n","protected":false},"excerpt":{"rendered":"<p>M\u1eabu sofa hi\u1ec7n \u0111\u1ea1i mang phong c\u00e1ch Nh\u1eadt, sang tr\u1ecdng. Ph\u00f9 h\u1ee3p v\u1edbi m\u1ecdi kh\u00f4ng gian.<\/p>\n<p>Th\u00f4ng tin s\u1ea3n ph\u1ea9m: \u2013 K\u00edch th\u01b0\u1edbc: 180cm x 70cm<br \/>\nB\u1ea1n c\u00f3 th\u1ec3 t\u00f9y ch\u1ecdn th\u00eam:<br \/>\n\u2013 V\u1ea3i C\u1ecf may H\u00e0n Qu\u1ed1c: + 1.500.000 VN\u0110<br \/>\n\u2013 T\u0103ng ho\u1eb7c gi\u1ea3m k\u00edch th\u01b0\u1edbc s\u1ea3n ph\u1ea9m.<\/p>\n<ul>\n<li>G\u1ed6 ASH ( S\u1ed3i Nga)<\/li>\n<li>V\u1ea3i<\/li>\n<li>N\u1ec7m d\u1ebbo D40\/ D28<\/li>\n<\/ul>\n<p><em>*Ch\u01b0a bao g\u1ed3m ph\u00ed v\u1eadn chuy\u1ec3n v\u00e0 VAT 10%.<\/em><\/p>\n","protected":false},"featured_media":11184,"comment_status":"open","ping_status":"closed","template":"","meta":[],"product_brand":[],"product_cat":[166,160],"product_tag":[164,161],"class_list":{"0":"post-1503","1":"product","2":"type-product","3":"status-publish","4":"has-post-thumbnail","6":"product_cat-sofa","7":"product_cat-uncategorized","8":"product_tag-go","9":"product_tag-vai","11":"first","12":"instock","13":"purchasable","14":"product-type-simple"},"_links":{"self":[{"href":"https:\/\/song-song.vn\/index.php\/wp-json\/wp\/v2\/product\/1503","targetHints":{"allow":["GET"]}}],"collection":[{"href":"https:\/\/song-song.vn\/index.php\/wp-json\/wp\/v2\/product"}],"about":[{"href":"https:\/\/song-song.vn\/index.php\/wp-json\/wp\/v2\/types\/product"}],"replies":[{"embeddable":true,"href":"https:\/\/song-song.vn\/index.php\/wp-json\/wp\/v2\/comments?post=1503"}],"wp:featuredmedia":[{"embeddable":true,"href":"https:\/\/song-song.vn\/index.php\/wp-json\/wp\/v2\/media\/11184"}],"wp:attachment":[{"href":"https:\/\/song-song.vn\/index.php\/wp-json\/wp\/v2\/media?parent=1503"}],"wp:term":[{"taxonomy":"product_brand","embeddable":true,"href":"https:\/\/song-song.vn\/index.php\/wp-json\/wp\/v2\/product_brand?post=1503"},{"taxonomy":"product_cat","embeddable":true,"href":"https:\/\/song-song.vn\/index.php\/wp-json\/wp\/v2\/product_cat?post=1503"},{"taxonomy":"product_tag","embeddable":true,"href":"https:\/\/song-song.vn\/index.php\/wp-json\/wp\/v2\/product_tag?post=1503"}],"curies":[{"name":"wp","href":"https:\/\/api.w.org\/{rel}","templated":true}]}}