{"id":11222,"date":"2021-08-23T11:22:46","date_gmt":"2021-08-23T04:22:46","guid":{"rendered":"https:\/\/song-song.vn\/?post_type=product&#038;p=11222"},"modified":"2026-02-02T09:33:57","modified_gmt":"2026-02-02T02:33:57","slug":"ss-sfb1271","status":"publish","type":"product","link":"https:\/\/song-song.vn\/index.php\/product\/ss-sfb1271\/","title":{"rendered":"Sofa b\u0103ng Chorlton"},"content":{"rendered":"<p>[vc_row][vc_column][vc_column_text]<\/p>\n<p>Khi mua h\u00e0ng t\u1ea1i Song Song, Qu\u00fd kh\u00e1ch s\u1ebd \u0111\u01b0\u1ee3c t\u1eb7ng 2 g\u1ed1i \u00f4m theo sofa.<br \/>\nB\u1ea3o h\u00e0nh 36 th\u00e1ng cho Khung X\u01b0\u1eddng, N\u1ec7m m\u00fat. V\u00e0 b\u1ea3o tr\u00ec s\u1ea3n ph\u1ea9m tr\u1ecdn \u0111\u1eddi.<br \/>\nD\u1ecbch v\u1ee5 v\u1ec7 sinh Sofa \u0111\u1ecbnh k\u00ec c\u00f3 t\u00ednh ph\u00ed.<\/p>\n<p>[\/vc_column_text][\/vc_column][\/vc_row]<\/p>\n","protected":false},"excerpt":{"rendered":"<p>Gh\u1ebf Sofa b\u0103ng Chorlton v\u1edbi thi\u1ebft k\u1ebf tinh t\u1ebf, sang tr\u1ecdng, ph\u00f9 h\u1ee3p v\u1edbi m\u1ecdi kh\u00f4ng gian ph\u00f2ng kh\u00e1ch t\u1eeb c\u1ed5 \u0111i\u1ec3n \u0111\u1ebfn hi\u1ec7n \u0111\u1ea1i.<\/p>\n<p>K\u00edch th\u01b0\u1edbc chu\u1ea9n: 200cm x 80cm x 80cm.<br \/>\nB\u1ea1n c\u00f3 th\u1ec3 t\u00f9y ch\u1ecdn th\u00eam:<br \/>\n\u2013 V\u1ea3i C\u1ecf may H\u00e0n Qu\u1ed1c: + 1.500.000 vnd<br \/>\n\u2013 Da b\u00f2 100% ( Li\u00ean h\u1ec7 \u0111\u1ec3 \u0111\u01b0\u1ee3c b\u00e1o gi\u00e1)<br \/>\n\u2013 T\u0103ng ho\u1eb7c gi\u1ea3m k\u00edch th\u01b0\u1edbc s\u1ea3n ph\u1ea9m.<\/p>\n<ul>\n<li>Simili<\/li>\n<li>Ch\u00e2n g\u1ed7 s\u01a1n<\/li>\n<li>Khung x\u01b0\u01a1ng g\u1ed7<\/li>\n<\/ul>\n<p><em>*Ch\u01b0a bao g\u1ed3m ph\u00ed v\u1eadn chuy\u1ec3n v\u00e0 VAT 10%.<\/em><\/p>\n","protected":false},"featured_media":11224,"comment_status":"open","ping_status":"closed","template":"","meta":[],"product_brand":[],"product_cat":[185,166,160],"product_tag":[164,163,161],"class_list":{"0":"post-11222","1":"product","2":"type-product","3":"status-publish","4":"has-post-thumbnail","6":"product_cat-saleoff","7":"product_cat-sofa","8":"product_cat-uncategorized","9":"product_tag-go","10":"product_tag-simili","11":"product_tag-vai","13":"first","14":"instock","15":"sale","16":"purchasable","17":"product-type-simple"},"_links":{"self":[{"href":"https:\/\/song-song.vn\/index.php\/wp-json\/wp\/v2\/product\/11222","targetHints":{"allow":["GET"]}}],"collection":[{"href":"https:\/\/song-song.vn\/index.php\/wp-json\/wp\/v2\/product"}],"about":[{"href":"https:\/\/song-song.vn\/index.php\/wp-json\/wp\/v2\/types\/product"}],"replies":[{"embeddable":true,"href":"https:\/\/song-song.vn\/index.php\/wp-json\/wp\/v2\/comments?post=11222"}],"wp:featuredmedia":[{"embeddable":true,"href":"https:\/\/song-song.vn\/index.php\/wp-json\/wp\/v2\/media\/11224"}],"wp:attachment":[{"href":"https:\/\/song-song.vn\/index.php\/wp-json\/wp\/v2\/media?parent=11222"}],"wp:term":[{"taxonomy":"product_brand","embeddable":true,"href":"https:\/\/song-song.vn\/index.php\/wp-json\/wp\/v2\/product_brand?post=11222"},{"taxonomy":"product_cat","embeddable":true,"href":"https:\/\/song-song.vn\/index.php\/wp-json\/wp\/v2\/product_cat?post=11222"},{"taxonomy":"product_tag","embeddable":true,"href":"https:\/\/song-song.vn\/index.php\/wp-json\/wp\/v2\/product_tag?post=11222"}],"curies":[{"name":"wp","href":"https:\/\/api.w.org\/{rel}","templated":true}]}}