{"id":7824,"date":"2017-04-10T11:03:24","date_gmt":"2017-04-10T11:03:24","guid":{"rendered":"http:\/\/maison.edge-themes.com\/?page_id=7824"},"modified":"2025-04-13T23:29:37","modified_gmt":"2025-04-13T16:29:37","slug":"about-me","status":"publish","type":"page","link":"https:\/\/song-song.vn\/index.php\/about-me\/","title":{"rendered":"V\u1ec0 CH\u00daNG T\u00d4I"},"content":{"rendered":"<p>[vc_row gap=&#8221;15&#8243; row_content_width=&#8221;grid&#8221; content_text_aligment=&#8221;left&#8221; css=&#8221;.vc_custom_1492509993885{padding-top: 86px !important;}&#8221;][vc_column width=&#8221;2\/3&#8243; offset=&#8221;vc_col-lg-6 vc_col-md-12&#8243;][vc_column_text]<\/p>\n<h4 style=\"text-align: left;\">SONG SONG ARCHITECT AND INTERIOR<\/h4>\n<p>[\/vc_column_text][vc_empty_space height=&#8221;10px&#8221;]<div class=\"edgtf-elements-holder edgtf-one-column edgtf-responsive-mode-768 edgtf-one-column-alignment-left\" ><div class=\"edgtf-eh-item \"  data-item-class=\"edgtf-eh-custom-916047\" data-1280-1600=\"0 0 0 0\" data-1024-1280=\"0 0 0 0\" data-768-1024=\"0 1% 0 0\" data-600-768=\"0 0 0 0\" data-480-600=\"0 0 0 0\" data-480=\"0 2% 0 0\">\n\t<div class=\"edgtf-eh-item-inner\">\n\t\t<div class=\"edgtf-eh-item-content edgtf-eh-custom-916047\" style=\"padding: 0 10% 0 0\">\n\t\t\t[vc_column_text]<\/p>\n<div dir=\"auto\" style=\"text-align: left;\"><strong>C\u00d4NG TY TNHH KI\u1ebeN TR\u00daC V\u00c0 N\u1ed8I TH\u1ea4T SONG SONG<\/strong> <em>\u0111\u01b0\u1ee3c th\u00e0nh l\u1eadp n\u0103m 2018<\/em><strong>.<\/strong> B\u1eb1ng nh\u1eefng ki\u1ebfn th\u1ee9c chuy\u00ean m\u00f4n v\u00e0 kinh nghi\u1ec7m c\u1ee7a ri\u00eang m\u00ecnh, Ch\u00fang t\u00f4i theo \u0111u\u1ed5i ph\u01b0\u01a1ng ch\u00e2m<\/div>\n<blockquote>\n<div dir=\"auto\" style=\"text-align: left;\"><em><strong>\u0110\u1ed3ng h\u00e0nh s\u00e1ng t\u1ea1o, ki\u1ebfn t\u1ea1o t\u01b0\u01a1ng lai.<\/strong><\/em><\/div>\n<\/blockquote>\n<div dir=\"auto\" style=\"text-align: left;\">C\u00f9ng \u0111\u1ed9i ng\u0169 nh\u00e2n vi\u00ean t\u00e0i n\u0103ng v\u00e0 \u0111\u1ea7y nhi\u1ec7t huy\u1ebft, ch\u00fang t\u00f4i lu\u00f4n lu\u00f4n l\u1eafng nghe v\u00e0 chia s\u1ebb nh\u1eefng c\u00e2u chuy\u1ec7n, \u00fd t\u01b0\u1edfng th\u00fa v\u1ecb c\u1ee7a qu\u00fd kh\u00e1ch h\u00e0ng d\u00e0nh ri\u00eang cho kh\u00f4ng gian s\u1ed1ng c\u1ee7a m\u00ecnh. T\u1eeb ch\u00ednh nh\u1eefng m\u1ea3nh gh\u00e9p r\u1eddi r\u1ea1c \u1ea5y k\u1ebft h\u1ee3p <em>song song<\/em> c\u00f9ng quy tr\u00ecnh t\u01b0 v\u1ea5n chuy\u00ean m\u00f4n nhi\u1ec7t t\u00ecnh v\u00e0 chu \u0111\u00e1o s\u1ebd l\u1eafp gh\u00e9p nh\u1eefng \u00fd t\u01b0\u1edfng c\u1ee7a kh\u00e1ch h\u00e0ng th\u00e0nh m\u1ed9t t\u00e1c ph\u1ea9m ngh\u1ec7 thu\u1eadt \u0111\u1ed9c nh\u1ea5t cho ri\u00eang h\u1ecd. Trong m\u1ed7i b\u1ea3n thi\u1ebft k\u1ebf ch\u00fang t\u00f4i kh\u00f4ng nh\u1eefng quan t\u00e2m \u0111\u1ebfn gi\u00e1 tr\u1ecb th\u1ea9m m\u1ef9 c\u1ee7a c\u00f4ng tr\u00ecnh m\u00e0 c\u00f2n t\u1ed1i \u01b0u h\u00f3a m\u1ecdi chi ti\u1ebft \u0111\u1ec3 \u0111\u1ea3m b\u1ea3o nh\u1eefng c\u00f4ng n\u0103ng \u0111\u1eb7c th\u00f9 cho t\u1eebng nhu c\u1ea7u c\u1ee7a kh\u00e1ch h\u00e0ng.<\/div>\n<div dir=\"auto\" style=\"text-align: left;\"><\/div>\n<p>[\/vc_column_text][vc_empty_space height=&#8221;20px&#8221;][vc_column_text]<\/p>\n<div dir=\"auto\" style=\"text-align: left;\"><strong><em>V\u00ec ch\u00fang t\u00f4i l\u00e0<\/em> SONG SONG<\/strong> \u2013 ch\u00fang t\u00f4i h\u01b0\u1edbng \u0111\u1ebfn s\u1ef1 \u0111\u1ed3ng b\u1ed9, \u0111\u1ed3ng h\u00e0nh v\u00e0 \u0111\u1ed3ng \u0111i\u1ec7u c\u00f9ng qu\u00fd kh\u00e1ch h\u00e0ng tr\u00ean m\u1ed7i h\u00e0nh tr\u00ecnh hi\u1ec7n th\u1ef1c h\u00f3a nh\u1eefng gi\u1ea5c m\u01a1 v\u00e0 \u00fd t\u01b0\u1edfng c\u1ee7a ch\u00ednh h\u1ecd. T\u1eebng th\u00e0nh vi\u00ean c\u1ee7a SONG SONG s\u1ebd mang \u0111\u1ebfn m\u1ed9t \u0111i\u1ec1u \u0111\u1eb7c bi\u1ec7t \u0111\u1ea7y th\u00fa v\u1ecb cho d\u1ef1 \u00e1n c\u1ee7a b\u1ea1n. C\u00e1c ki\u1ebfn tr\u00fac s\u01b0 c\u1ee7a ch\u00fang t\u00f4i s\u1edf h\u1eefu nhi\u1ec1u kinh nghi\u1ec7m v\u1edbi nhi\u1ec1u lo\u1ea1i d\u1ef1 \u00e1n kh\u00e1c nhau t\u1eeb nh\u1eefng ng\u00f4i nh\u00e0 \u0111\u1ed9c l\u1eadp \u0111\u1ebfn c\u00e1c c\u0103n h\u1ed9 cao c\u1ea5p hay bi\u1ec7t th\u1ef1 ngh\u1ec9 d\u01b0\u1ee1ng. Ngo\u00e0i ra ch\u00fang t\u00f4i lu\u00f4n d\u00e0nh s\u1ef1 quan t\u00e2m \u0111\u1eb7c bi\u1ec7t \u0111\u1ebfn c\u00e1c c\u00f4ng tr\u00ecnh c\u00f4ng c\u1ed9ng v\u00e0 kinh doanh chu\u1ed7i (nh\u00e0 h\u00e0ng, c\u1eeda h\u00e0ng th\u1eddi trang, qu\u00e1n c\u00e0 ph\u00ea,\u2026) \u2013 nh\u1eefng d\u1ef1 \u00e1n y\u00eau c\u1ea7u cao s\u1ef1 h\u00e0i h\u00f2a c\u1ee7a m\u00e0u s\u1eafc c\u00e1 nh\u00e2n v\u00e0 gi\u00e1 tr\u1ecb th\u01b0\u01a1ng hi\u1ec7u c\u1ee7a doanh nghi\u1ec7p. Cho d\u00f9 l\u00e0 x\u00e2y d\u1ef1ng m\u1edbi hay c\u1ea3i t\u1ea1o, SONG SONG lu\u00f4n hi\u1ec3u \u0111\u01b0\u1ee3c s\u1ef1 ph\u1ee9c t\u1ea1p c\u1ee7a m\u1ed7i d\u1ef1 \u00e1n \u0111\u1ec3 khai th\u00e1c c\u00e1c \u0111\u1eb7c \u0111i\u1ec3m ph\u00f9 h\u1ee3p trong t\u1eebng phong c\u00e1ch ki\u1ebfn tr\u00fac c\u0169ng nh\u01b0 n\u1ed9i th\u1ea5t kh\u00e1c nhau. B\u1edfi \u0111\u01a1n gi\u1ea3n s\u1ef1 h\u00e0i l\u00f2ng c\u1ee7a qu\u00fd kh\u00e1ch h\u00e0ng ch\u00ednh l\u00e0 \u0111i\u1ec3m \u0111\u1ebfn cu\u1ed1i c\u00f9ng ch\u00fang t\u00f4i h\u01b0\u1edbng \u0111\u1ebfn.<\/div>\n<div dir=\"auto\" style=\"text-align: left;\">Ch\u00fang t\u00f4i r\u1ea5t t\u1ef1 h\u00e0o v\u00e0 vinh d\u1ef1 \u0111\u01b0\u1ee3c chia s\u1ebb c\u00e2u chuy\u1ec7n n\u00e0y.<\/div>\n<div dir=\"auto\" style=\"text-align: left;\">C\u00e1m \u01a1n t\u1ea5t c\u1ea3 c\u00e1c qu\u00fd kh\u00e1ch h\u00e0ng \u0111\u00e3 tin t\u01b0\u1edfng ch\u00fang t\u00f4i.!<\/div>\n<p><img loading=\"lazy\" decoding=\"async\" class=\"wp-image-11536 alignright\" src=\"https:\/\/song-song.vn\/wp-content\/uploads\/2025\/03\/ck-300x169.png\" alt=\"\" width=\"181\" height=\"102\" \/>[\/vc_column_text]\t\t<\/div>\n\t<\/div>\n<\/div><\/div>[vc_empty_space height=&#8221;50px&#8221;][\/vc_column][vc_column width=&#8221;1\/3&#8243; offset=&#8221;vc_col-lg-6 vc_col-md-12&#8243;][vc_single_image image=&#8221;11864&#8243; img_size=&#8221;full&#8221; alignment=&#8221;center&#8221; css_animation=&#8221;slideInUp&#8221;][vc_empty_space height=&#8221;30px&#8221;][\/vc_column][\/vc_row][vc_row gap=&#8221;15&#8243; content_placement=&#8221;middle&#8221; row_content_width=&#8221;grid&#8221; content_text_aligment=&#8221;center&#8221; css=&#8221;.vc_custom_1492509776416{padding-bottom: 47px !important;}&#8221;][vc_column offset=&#8221;vc_col-lg-6 vc_col-md-12&#8243; css=&#8221;.vc_custom_1492510149365{padding-top: 0px !important;padding-bottom: 0px !important;}&#8221;]<div class=\"edgtf-image-gallery  edgtf-ig-grid-type    \">\n\t<div class=\"edgtf-ig-inner edgtf-ig-grid edgtf-ig-two-columns edgtf-ig-big-space\">\n\t\t\t\t\t<div class=\"edgtf-ig-image\">\n\t\t\t\t<div class=\"edgtf-ig-image-inner\">\n\t\t\t\t\t\t\t\t\t\t\t<img loading=\"lazy\" decoding=\"async\" width=\"800\" height=\"800\" src=\"https:\/\/song-song.vn\/wp-content\/uploads\/2017\/04\/p1-gallery-img-2.jpg\" class=\"attachment-full size-full\" alt=\"g\" srcset=\"https:\/\/song-song.vn\/wp-content\/uploads\/2017\/04\/p1-gallery-img-2.jpg 800w, https:\/\/song-song.vn\/wp-content\/uploads\/2017\/04\/p1-gallery-img-2-300x300.jpg 300w, https:\/\/song-song.vn\/wp-content\/uploads\/2017\/04\/p1-gallery-img-2-150x150.jpg 150w, https:\/\/song-song.vn\/wp-content\/uploads\/2017\/04\/p1-gallery-img-2-768x768.jpg 768w, https:\/\/song-song.vn\/wp-content\/uploads\/2017\/04\/p1-gallery-img-2-550x550.jpg 550w\" sizes=\"auto, (max-width: 800px) 100vw, 800px\" \/>\t\t\t\t\t\t\t\t\t<\/div>\n\t\t\t\t\t\t\t<\/div>\n\t\t\t\t\t<div class=\"edgtf-ig-image\">\n\t\t\t\t<div class=\"edgtf-ig-image-inner\">\n\t\t\t\t\t\t\t\t\t\t\t<img loading=\"lazy\" decoding=\"async\" width=\"800\" height=\"800\" src=\"https:\/\/song-song.vn\/wp-content\/uploads\/2021\/06\/VP1-scaled-e1623658111907.jpg\" class=\"attachment-full size-full\" alt=\"\" \/>\t\t\t\t\t\t\t\t\t<\/div>\n\t\t\t\t\t\t\t<\/div>\n\t\t\t<\/div>\n<\/div>[\/vc_column][vc_column offset=&#8221;vc_col-lg-6 vc_col-md-12&#8243; css=&#8221;.vc_custom_1492510167989{padding-top: 0px !important;padding-bottom: 0px !important;}&#8221;]<div class=\"edgtf-image-gallery  edgtf-ig-grid-type    \">\n\t<div class=\"edgtf-ig-inner edgtf-ig-grid edgtf-ig-two-columns edgtf-ig-big-space\">\n\t\t\t\t\t<div class=\"edgtf-ig-image\">\n\t\t\t\t<div class=\"edgtf-ig-image-inner\">\n\t\t\t\t\t\t\t\t\t\t\t<img loading=\"lazy\" decoding=\"async\" width=\"800\" height=\"800\" src=\"https:\/\/song-song.vn\/wp-content\/uploads\/2017\/04\/p1-gallery-img-3.jpg\" class=\"attachment-full size-full\" alt=\"g\" srcset=\"https:\/\/song-song.vn\/wp-content\/uploads\/2017\/04\/p1-gallery-img-3.jpg 800w, https:\/\/song-song.vn\/wp-content\/uploads\/2017\/04\/p1-gallery-img-3-300x300.jpg 300w, https:\/\/song-song.vn\/wp-content\/uploads\/2017\/04\/p1-gallery-img-3-150x150.jpg 150w, https:\/\/song-song.vn\/wp-content\/uploads\/2017\/04\/p1-gallery-img-3-768x768.jpg 768w, https:\/\/song-song.vn\/wp-content\/uploads\/2017\/04\/p1-gallery-img-3-550x550.jpg 550w\" sizes=\"auto, (max-width: 800px) 100vw, 800px\" \/>\t\t\t\t\t\t\t\t\t<\/div>\n\t\t\t\t\t\t\t<\/div>\n\t\t\t\t\t<div class=\"edgtf-ig-image\">\n\t\t\t\t<div class=\"edgtf-ig-image-inner\">\n\t\t\t\t\t\t\t\t\t\t\t<img loading=\"lazy\" decoding=\"async\" width=\"800\" height=\"800\" src=\"https:\/\/song-song.vn\/wp-content\/uploads\/2021\/06\/VP2-scaled-e1623658523248.jpg\" class=\"attachment-full size-full\" alt=\"\" \/>\t\t\t\t\t\t\t\t\t<\/div>\n\t\t\t\t\t\t\t<\/div>\n\t\t\t<\/div>\n<\/div>[\/vc_column][\/vc_row][vc_row row_content_width=&#8221;grid&#8221; css=&#8221;.vc_custom_1492086749234{padding-top: 98px !important;padding-bottom: 41px !important;}&#8221; simple_background_color=&#8221;#f5f5f5&#8243;][vc_column offset=&#8221;vc_col-lg-3 vc_col-md-6&#8243;]<div class=\"edgtf-pie-chart-holder\">\n\t<div class=\"edgtf-pc-percentage\" data-percent=\"23\" data-bar-color=\"#414141\" data-track-color=\"#ffffff\">\n\t\t<span class=\"edgtf-pc-percent\" style=\"color: #414141\">23<\/span>\n\t<\/div>\n\t\t\t<div class=\"edgtf-pc-text-holder\">\n\t\t\t\t\t\t\t<h6 class=\"edgtf-pc-title\" >NH\u00c2N S\u1ef0 KI\u1ebeN TR\u00daC<\/h6>\n\t\t\t\t\t\t\t\t\t\t<p class=\"edgtf-pc-text\" >Ki\u1ebfn tr\u00fac s\u01b0<\/p>\n\t\t\t\t\t<\/div>\n\t<\/div>[vc_empty_space height=&#8221;50px&#8221;][\/vc_column][vc_column offset=&#8221;vc_col-lg-3 vc_col-md-6&#8243;]<div class=\"edgtf-pie-chart-holder\">\n\t<div class=\"edgtf-pc-percentage\" data-percent=\"29\" data-bar-color=\"#414141\" data-track-color=\"#ffffff\">\n\t\t<span class=\"edgtf-pc-percent\" style=\"color: #414141\">29<\/span>\n\t<\/div>\n\t\t\t<div class=\"edgtf-pc-text-holder\">\n\t\t\t\t\t\t\t<h6 class=\"edgtf-pc-title\" >NH\u00c2N S\u1ef0 N\u1ed8I TH\u1ea4T<\/h6>\n\t\t\t\t\t\t\t\t\t\t<p class=\"edgtf-pc-text\" >Thi\u1ebft k\u1ebf n\u1ed9i th\u1ea5t<\/p>\n\t\t\t\t\t<\/div>\n\t<\/div>[vc_empty_space height=&#8221;50px&#8221;][\/vc_column][vc_column offset=&#8221;vc_col-lg-3 vc_col-md-6&#8243;]<div class=\"edgtf-pie-chart-holder\">\n\t<div class=\"edgtf-pc-percentage\" data-percent=\"12\" data-bar-color=\"#414141\" data-track-color=\"#ffffff\">\n\t\t<span class=\"edgtf-pc-percent\" style=\"color: #414141\">12<\/span>\n\t<\/div>\n\t\t\t<div class=\"edgtf-pc-text-holder\">\n\t\t\t\t\t\t\t<h6 class=\"edgtf-pc-title\" >NH\u00c2N S\u1ef0 K\u1ef8 S\u01af<\/h6>\n\t\t\t\t\t\t\t\t\t\t<p class=\"edgtf-pc-text\" >K\u1ef9 s\u01b0 k\u1ebft c\u1ea5u, M.E.P<\/p>\n\t\t\t\t\t<\/div>\n\t<\/div>[vc_empty_space height=&#8221;50px&#8221;][\/vc_column][vc_column offset=&#8221;vc_col-lg-3 vc_col-md-6&#8243;]<div class=\"edgtf-pie-chart-holder\">\n\t<div class=\"edgtf-pc-percentage\" data-percent=\"36\" data-bar-color=\"#414141\" data-track-color=\"#ffffff\">\n\t\t<span class=\"edgtf-pc-percent\" style=\"color: #414141\">36<\/span>\n\t<\/div>\n\t\t\t<div class=\"edgtf-pc-text-holder\">\n\t\t\t\t\t\t\t<h6 class=\"edgtf-pc-title\" >NH\u00c2N S\u1ef0 C\u00d4NG TR\u00ccNH<\/h6>\n\t\t\t\t\t\t\t\t\t\t<p class=\"edgtf-pc-text\" >Gi\u00e1m s\u00e1t v\u00e0 c\u00f4ng nh\u00e2n<\/p>\n\t\t\t\t\t<\/div>\n\t<\/div>[vc_empty_space height=&#8221;50px&#8221;][\/vc_column][\/vc_row]<\/p>\n","protected":false},"excerpt":{"rendered":"<p>[vc_row gap=&#8221;15&#8243; row_content_width=&#8221;grid&#8221; content_text_aligment=&#8221;left&#8221; css=&#8221;.vc_custom_1492509993885{padding-top: 86px !important;}&#8221;][vc_column width=&#8221;2\/3&#8243; offset=&#8221;vc_col-lg-6 vc_col-md-12&#8243;][vc_column_text] SONG SONG ARCHITECT AND INTERIOR [\/vc_column_text][vc_empty_space height=&#8221;10px&#8221;][vc_empty_space height=&#8221;50px&#8221;][\/vc_column][vc_column width=&#8221;1\/3&#8243; offset=&#8221;vc_col-lg-6 vc_col-md-12&#8243;][vc_single_image image=&#8221;11864&#8243; img_size=&#8221;full&#8221; alignment=&#8221;center&#8221; css_animation=&#8221;slideInUp&#8221;][vc_empty_space height=&#8221;30px&#8221;][\/vc_column][\/vc_row][vc_row gap=&#8221;15&#8243; content_placement=&#8221;middle&#8221; row_content_width=&#8221;grid&#8221; content_text_aligment=&#8221;center&#8221; css=&#8221;.vc_custom_1492509776416{padding-bottom: 47px !important;}&#8221;][vc_column offset=&#8221;vc_col-lg-6 vc_col-md-12&#8243; css=&#8221;.vc_custom_1492510149365{padding-top: 0px !important;padding-bottom: 0px !important;}&#8221;][\/vc_column][vc_column [&hellip;]<\/p>\n","protected":false},"author":1,"featured_media":0,"parent":0,"menu_order":0,"comment_status":"closed","ping_status":"closed","template":"full-width.php","meta":{"footnotes":""},"class_list":["post-7824","page","type-page","status-publish","hentry"],"_links":{"self":[{"href":"https:\/\/song-song.vn\/index.php\/wp-json\/wp\/v2\/pages\/7824","targetHints":{"allow":["GET"]}}],"collection":[{"href":"https:\/\/song-song.vn\/index.php\/wp-json\/wp\/v2\/pages"}],"about":[{"href":"https:\/\/song-song.vn\/index.php\/wp-json\/wp\/v2\/types\/page"}],"author":[{"embeddable":true,"href":"https:\/\/song-song.vn\/index.php\/wp-json\/wp\/v2\/users\/1"}],"replies":[{"embeddable":true,"href":"https:\/\/song-song.vn\/index.php\/wp-json\/wp\/v2\/comments?post=7824"}],"version-history":[{"count":34,"href":"https:\/\/song-song.vn\/index.php\/wp-json\/wp\/v2\/pages\/7824\/revisions"}],"predecessor-version":[{"id":11872,"href":"https:\/\/song-song.vn\/index.php\/wp-json\/wp\/v2\/pages\/7824\/revisions\/11872"}],"wp:attachment":[{"href":"https:\/\/song-song.vn\/index.php\/wp-json\/wp\/v2\/media?parent=7824"}],"curies":[{"name":"wp","href":"https:\/\/api.w.org\/{rel}","templated":true}]}}